{"id":4605,"date":"2024-07-22T09:36:44","date_gmt":"2024-07-22T09:36:44","guid":{"rendered":"https:\/\/productionq.vn\/shop\/?page_id=4605"},"modified":"2024-09-04T09:29:08","modified_gmt":"2024-09-04T02:29:08","slug":"chinh-sach-van-chuyen-va-kiem-hang","status":"publish","type":"page","link":"https:\/\/productionq.vn\/shop\/chinh-sach-van-chuyen-va-kiem-hang\/","title":{"rendered":"Ch\u00ednh s\u00e1ch v\u1eadn chuy\u1ec3n v\u00e0 ki\u1ec3m h\u00e0ng"},"content":{"rendered":"<p><strong>CH\u00cdNH S\u00c1CH V\u1eacN CHUY\u1ec2N V\u00c0 KI\u1ec2M H\u00c0NG<\/strong><\/p>\n<p><strong>1. Ph\u1ea1m vi giao h\u00e0ng<\/strong><\/p>\n<p>ProductionQ h\u1ed7 tr\u1ee3 ship COD (thanh to\u00e1n sau khi nh\u1eadn h\u00e0ng) to\u00e0n qu\u1ed1c b\u1eb1ng d\u1ecbch v\u1ee5 Giao h\u00e0ng ti\u1ebft ki\u1ec7m.<\/p>\n<p><strong>2. Th\u1eddi gian giao h\u00e0ng<\/strong><\/p>\n<p>Kh\u00e1ch h\u00e0ng \u1edf TP.HCM s\u1ebd nh\u1eadn \u0111\u01b0\u1ee3c s\u1ea3n ph\u1ea9m trong v\u00f2ng 1 \u0111\u1ebfn 3 ng\u00e0y, \u1edf c\u00e1c t\u1ec9nh th\u00e0nh kh\u00e1c s\u1ebd nh\u1eadn \u0111\u01b0\u1ee3c s\u1ea3n ph\u1ea9m trong v\u00f2ng 3 \u0111\u1ebfn 5 ng\u00e0y.<\/p>\n<p>Giao trong gi\u1edd h\u00e0nh ch\u00ednh t\u1eeb th\u1ee9 hai \u0111\u1ebfn th\u1ee9 b\u1ea3y.<\/p>\n<p>Th\u1eddi gian giao h\u00e0ng \u0111\u01b0\u1ee3c b\u1eaft \u0111\u1ea7u t\u00ednh sau khi \u0111\u01a1n h\u00e0ng c\u1ee7a qu\u00fd kh\u00e1ch \u0111\u01b0\u1ee3c x\u00e1c nh\u1eadn th\u00e0nh c\u00f4ng b\u1eb1ng cu\u1ed9c g\u1ecdi t\u1eeb nh\u00e2n vi\u00ean ch\u0103m s\u00f3c kh\u00e1ch h\u00e0ng c\u1ee7a ch\u00fang t\u00f4i.<\/p>\n<p>Tuy nhi\u00ean, c\u0169ng c\u00f3 tr\u01b0\u1eddng h\u1ee3p vi\u1ec7c giao h\u00e0ng k\u00e9o d\u00e0i h\u01a1n nh\u01b0ng ch\u1ec9 x\u1ea3y ra trong nh\u1eefng t\u00ecnh hu\u1ed1ng b\u1ea5t kh\u1ea3 kh\u00e1ng nh\u01b0 sau:<\/p>\n<p>* Nh\u00e2n vi\u00ean c\u00f4ng ty s\u1ebd li\u00ean l\u1ea1c v\u1edbi kh\u00e1ch h\u00e0ng qua \u0111i\u1ec7n tho\u1ea1i kh\u00f4ng \u0111\u01b0\u1ee3c n\u00ean kh\u00f4ng th\u1ec3 giao h\u00e0ng.<\/p>\n<p>* \u0110\u1ecba ch\u1ec9 giao h\u00e0ng b\u1ea1n cung c\u1ea5p kh\u00f4ng ch\u00ednh x\u00e1c ho\u1eb7c kh\u00f3 t\u00ecm.<\/p>\n<p>* S\u1ed1 l\u01b0\u1ee3ng \u0111\u01a1n h\u00e0ng c\u1ee7a c\u00f4ng ty t\u0103ng \u0111\u1ed9t bi\u1ebfn khi\u1ebfn vi\u1ec7c x\u1eed l\u00fd \u0111\u01a1n h\u00e0ng b\u1ecb ch\u1eadm.<\/p>\n<p><strong>3. Ph\u00ed giao h\u00e0ng<\/strong><\/p>\n<p>N\u1ed9i th\u00e0nh: Ph\u00ed giao h\u00e0ng 20.000 \u2013 35.000<br \/>\nNgo\u1ea1i th\u00e0nh: Ph\u00ed giao h\u00e0ng t\u1ea7m 30.000 \u2013 45.000<\/p>\n<p>M\u1ed7i \u0111\u01a1n h\u00e0ng ch\u1ec9 giao \u0111\u1ebfn 1 \u0111\u1ecba ch\u1ec9 duy nh\u1ea5t.<\/p>\n<p><strong>4. Ch\u00ednh s\u00e1ch ki\u1ec3m tr\u1ea3 h\u00e0ng:<\/strong><\/p>\n<ul>\n<li>Khi nh\u1eadn h\u00e0ng qu\u00fd kh\u00e1ch c\u00f3 quy\u1ec1n y\u00eau c\u1ea7u nh\u00e2n vi\u00ean giao h\u00e0ng m\u1edf cho ki\u1ec3m.<\/li>\n<li>Tr\u01b0\u1eddng h\u1ee3p \u0111\u01a1n h\u00e0ng \u0111\u1eb7t m\u00e0 b\u00ean b\u00e1n giao kh\u00f4ng \u0111\u00fang\u00a0lo\u1ea1i s\u1ea3n ph\u1ea9m qu\u00fd kh\u00e1ch c\u00f3 quy\u1ec1n tr\u1ea3 h\u00e0ng v\u00e0 kh\u00f4ng kh\u00f4ng thanh to\u00e1n ti\u1ec1n.<\/li>\n<li>Tr\u01b0\u1eddng h\u1ee3p qu\u00fd kh\u00e1ch \u0111\u00e3 thanh to\u00e1n tr\u01b0\u1edbc nh\u01b0ng \u0111\u01a1n h\u00e0ng kh\u00f4ng \u0111\u00fang qu\u00fd kh\u00e1ch y\u00eau c\u1ea7u ho\u00e0n to\u00e0n ho\u1eb7c giao l\u1ea1i \u0111\u01a1n m\u1edbi nh\u01b0 \u0111\u00e3 \u0111\u1eb7t.<\/li>\n<\/ul>\n<p><strong>5. H\u1ee7y \u0111\u01a1n h\u00e0ng.<\/strong><\/p>\n<p>\u0110\u01a1n h\u00e0ng s\u1ebd b\u1ecb h\u1ee7y sau 02 l\u1ea7n nh\u00e2n vi\u00ean giao nh\u1eadn kh\u00f4ng th\u1ec3 li\u00ean l\u1ea1c v\u1edbi kh\u00e1ch h\u00e0ng.<\/p>\n<p>M\u1ecdi th\u1eafc m\u1eafc vui l\u00f2ng li\u00ean h\u1ec7 b\u1ed9 ph\u1eadn ch\u0103m s\u00f3c kh\u00e1ch h\u00e0ng t\u1ea1i hotline:\u00a0<em>0932 004 225<\/em>\u00a0\u0111\u1ec3 \u0111\u01b0\u1ee3c gi\u1ea3i \u0111\u00e1p.<\/p>\n","protected":false},"excerpt":{"rendered":"<p>CH\u00cdNH S\u00c1CH V\u1eacN CHUY\u1ec2N V\u00c0 KI\u1ec2M H\u00c0NG 1. Ph\u1ea1m vi giao h\u00e0ng ProductionQ h\u1ed7 tr\u1ee3 ship COD (thanh to\u00e1n sau khi nh\u1eadn h\u00e0ng) to\u00e0n qu\u1ed1c b\u1eb1ng d\u1ecbch v\u1ee5 Giao h\u00e0ng ti\u1ebft ki\u1ec7m. 2. Th\u1eddi gian giao h\u00e0ng Kh\u00e1ch h\u00e0ng \u1edf TP.HCM s\u1ebd nh\u1eadn \u0111\u01b0\u1ee3c s\u1ea3n ph\u1ea9m trong v\u00f2ng 1 \u0111\u1ebfn 3 ng\u00e0y, \u1edf c\u00e1c t\u1ec9nh [&hellip;]<\/p>\n","protected":false},"author":1,"featured_media":0,"parent":0,"menu_order":0,"comment_status":"closed","ping_status":"closed","template":"","meta":{"_acf_changed":false,"rank_math_lock_modified_date":false,"inline_featured_image":false,"footnotes":""},"class_list":["post-4605","page","type-page","status-publish","hentry"],"acf":[],"_links":{"self":[{"href":"https:\/\/productionq.vn\/shop\/wp-json\/wp\/v2\/pages\/4605","targetHints":{"allow":["GET"]}}],"collection":[{"href":"https:\/\/productionq.vn\/shop\/wp-json\/wp\/v2\/pages"}],"about":[{"href":"https:\/\/productionq.vn\/shop\/wp-json\/wp\/v2\/types\/page"}],"author":[{"embeddable":true,"href":"https:\/\/productionq.vn\/shop\/wp-json\/wp\/v2\/users\/1"}],"replies":[{"embeddable":true,"href":"https:\/\/productionq.vn\/shop\/wp-json\/wp\/v2\/comments?post=4605"}],"version-history":[{"count":3,"href":"https:\/\/productionq.vn\/shop\/wp-json\/wp\/v2\/pages\/4605\/revisions"}],"predecessor-version":[{"id":5006,"href":"https:\/\/productionq.vn\/shop\/wp-json\/wp\/v2\/pages\/4605\/revisions\/5006"}],"wp:attachment":[{"href":"https:\/\/productionq.vn\/shop\/wp-json\/wp\/v2\/media?parent=4605"}],"curies":[{"name":"wp","href":"https:\/\/api.w.org\/{rel}","templated":true}]}}