{"id":4895,"date":"2024-08-30T10:32:18","date_gmt":"2024-08-30T03:32:18","guid":{"rendered":"https:\/\/productionq.vn\/shop\/?page_id=4895"},"modified":"2024-09-04T14:04:49","modified_gmt":"2024-09-04T07:04:49","slug":"dieu-khoan-dieu-kien","status":"publish","type":"page","link":"https:\/\/productionq.vn\/shop\/dieu-khoan-dieu-kien\/","title":{"rendered":"\u0110i\u1ec1u kho\u1ea3n &amp; \u0110i\u1ec1u ki\u1ec7n"},"content":{"rendered":"<p><strong>\u0110I\u1ec0U KHO\u1ea2N MUA B\u00c1N H\u00c0NG H\u00d3A<\/strong><\/p>\n<p>Khi qu\u00fd kh\u00e1ch truy c\u1eadp v\u00e0o trang website https:\/\/productionq.vn\/<\/p>\n<p>C\u00f3 ngh\u0129a l\u00e0 qu\u00fd kh\u00e1ch \u0111\u1ed3ng \u00fd v\u1edbi c\u00e1c \u0111i\u1ec1u kho\u1ea3n v\u00e0 \u0111i\u1ec1u ki\u1ec7n n\u00e0y. Trang web c\u00f3 quy\u1ec1n thay \u0111\u1ed5i, ch\u1ec9nh s\u1eeda, th\u00eam ho\u1eb7c l\u01b0\u1ee3c b\u1ecf b\u1ea5t k\u1ef3 ph\u1ea7n n\u00e0o trong \u0110i\u1ec1u kho\u1ea3n mua b\u00e1n h\u00e0ng h\u00f3a n\u00e0y v\u00e0o b\u1ea5t c\u1ee9 l\u00fac n\u00e0o. C\u00e1c thay \u0111\u1ed5i c\u00f3 hi\u1ec7u l\u1ef1c ngay khi \u0111\u01b0\u1ee3c \u0111\u0103ng tr\u00ean trang web m\u00e0 kh\u00f4ng c\u1ea7n th\u00f4ng b\u00e1o tr\u01b0\u1edbc. V\u00e0 khi qu\u00fd kh\u00e1ch ti\u1ebfp t\u1ee5c s\u1eed d\u1ee5ng trang web \u0111\u1ed3ng ngh\u0129a l\u00e0 qu\u00fd kh\u00e1ch ch\u1ea5p nh\u1eadn v\u1edbi nh\u1eefng thay \u0111\u1ed5i \u0111\u00f3.<\/p>\n<p>Qu\u00fd kh\u00e1ch vui l\u00f2ng ki\u1ec3m tra th\u01b0\u1eddng xuy\u00ean \u0111\u1ec3 c\u1eadp nh\u1eadt nh\u1eefng thay \u0111\u1ed5i c\u1ee7a ch\u00fang t\u00f4i.<\/p>\n<p id=\"1-huong-dan-su-dung-web\"><strong>1. H\u01af\u1edaNG D\u1eaaN S\u1eec D\u1ee4NG WEB<\/strong><\/p>\n<p>Khi v\u00e0o web c\u1ee7a ch\u00fang t\u00f4i, ng\u01b0\u1eddi d\u00f9ng t\u1ed1i thi\u1ec3u ph\u1ea3i 18 tu\u1ed5i ho\u1eb7c truy c\u1eadp d\u01b0\u1edbi s\u1ef1 gi\u00e1m s\u00e1t c\u1ee7a cha m\u1eb9 hay ng\u01b0\u1eddi gi\u00e1m h\u1ed9 h\u1ee3p ph\u00e1p.<\/p>\n<p>Ch\u00fang t\u00f4i c\u1ea5p gi\u1ea5y ph\u00e9p s\u1eed d\u1ee5ng \u0111\u1ec3 b\u1ea1n c\u00f3 th\u1ec3 mua s\u1eafm tr\u00ean web trong khu\u00f4n kh\u1ed5 \u0110i\u1ec1u kho\u1ea3n v\u00e0 \u0110i\u1ec1u ki\u1ec7n s\u1eed d\u1ee5ng \u0111\u00e3 \u0111\u1ec1 ra.<\/p>\n<p>Nghi\u00eam c\u1ea5m s\u1eed d\u1ee5ng b\u1ea5t k\u1ef3 ph\u1ea7n n\u00e0o c\u1ee7a trang web n\u00e0y v\u1edbi m\u1ee5c \u0111\u00edch th\u01b0\u01a1ng m\u1ea1i ho\u1eb7c nh\u00e2n danh b\u1ea5t k\u1ef3 \u0111\u1ed1i t\u00e1c th\u1ee9 ba n\u00e0o n\u1ebfu kh\u00f4ng \u0111\u01b0\u1ee3c ch\u00fang t\u00f4i cho ph\u00e9p b\u1eb1ng v\u0103n b\u1ea3n. N\u1ebfu vi ph\u1ea1m b\u1ea5t c\u1ee9 \u0111i\u1ec1u n\u00e0o trong \u0111\u00e2y, ch\u00fang t\u00f4i s\u1ebd h\u1ee7y gi\u1ea5y ph\u00e9p c\u1ee7a b\u1ea1n m\u00e0 kh\u00f4ng c\u1ea7n b\u00e1o tr\u01b0\u1edbc.<\/p>\n<p>Qu\u00fd kh\u00e1ch ph\u1ea3i \u0111\u0103ng k\u00fd t\u00e0i kho\u1ea3n v\u1edbi th\u00f4ng tin x\u00e1c th\u1ef1c v\u1ec1 b\u1ea3n th\u00e2n v\u00e0 ph\u1ea3i c\u1eadp nh\u1eadt n\u1ebfu c\u00f3 b\u1ea5t k\u1ef3 thay \u0111\u1ed5i n\u00e0o. M\u1ed7i ng\u01b0\u1eddi truy c\u1eadp ph\u1ea3i c\u00f3 tr\u00e1ch nhi\u1ec7m v\u1edbi m\u1eadt kh\u1ea9u, t\u00e0i kho\u1ea3n v\u00e0 ho\u1ea1t \u0111\u1ed9ng c\u1ee7a m\u00ecnh tr\u00ean web. H\u01a1n n\u1eefa, qu\u00fd kh\u00e1ch ph\u1ea3i th\u00f4ng b\u00e1o cho ch\u00fang t\u00f4i bi\u1ebft khi t\u00e0i kho\u1ea3n b\u1ecb truy c\u1eadp tr\u00e1i ph\u00e9p. Ch\u00fang t\u00f4i kh\u00f4ng ch\u1ecbu b\u1ea5t k\u1ef3 tr\u00e1ch nhi\u1ec7m n\u00e0o, d\u00f9 tr\u1ef1c ti\u1ebfp hay gi\u00e1n ti\u1ebfp, \u0111\u1ed1i v\u1edbi nh\u1eefng thi\u1ec7t h\u1ea1i ho\u1eb7c m\u1ea5t m\u00e1t g\u00e2y ra do qu\u00fd kh\u00e1ch kh\u00f4ng tu\u00e2n th\u1ee7 quy \u0111\u1ecbnh.<\/p>\n<p>Trong su\u1ed1t qu\u00e1 tr\u00ecnh \u0111\u0103ng k\u00fd, qu\u00fd kh\u00e1ch \u0111\u1ed3ng \u00fd nh\u1eadn email qu\u1ea3ng c\u00e1o t\u1eeb website. Sau \u0111\u00f3, n\u1ebfu kh\u00f4ng mu\u1ed1n ti\u1ebfp t\u1ee5c nh\u1eadn mail, qu\u00fd kh\u00e1ch c\u00f3 th\u1ec3 t\u1eeb ch\u1ed1i b\u1eb1ng c\u00e1ch nh\u1ea5p v\u00e0o \u0111\u01b0\u1eddng link \u1edf d\u01b0\u1edbi c\u00f9ng trong m\u1ecdi email qu\u1ea3ng c\u00e1o.<\/p>\n<p id=\"2-y-kien-khach-hang\"><strong>2. \u00dd KI\u1ebeN KH\u00c1CH H\u00c0NG<\/strong><\/p>\n<p>T\u1ea5t c\u1ea3 n\u1ed9i dung trang web v\u00e0 \u00fd ki\u1ebfn ph\u00ea b\u00ecnh c\u1ee7a qu\u00fd kh\u00e1ch \u0111\u1ec1u l\u00e0 t\u00e0i s\u1ea3n c\u1ee7a ch\u00fang t\u00f4i. N\u1ebfu ch\u00fang t\u00f4i ph\u00e1t hi\u1ec7n b\u1ea5t k\u1ef3 th\u00f4ng tin gi\u1ea3 m\u1ea1o n\u00e0o, ch\u00fang t\u00f4i s\u1ebd kh\u00f3a t\u00e0i kho\u1ea3n c\u1ee7a qu\u00fd kh\u00e1ch ngay l\u1eadp t\u1ee9c ho\u1eb7c \u00e1p d\u1ee5ng c\u00e1c bi\u1ec7n ph\u00e1p kh\u00e1c theo quy \u0111\u1ecbnh c\u1ee7a ph\u00e1p lu\u1eadt Vi\u1ec7t Nam.<\/p>\n<p id=\"3-chap-nhan-don-hang-va-gia-ca\"><strong>3. CH\u1ea4P NH\u1eacN \u0110\u01a0N H\u00c0NG V\u00c0 GI\u00c1 C\u1ea2<\/strong><\/p>\n<p>Ch\u00fang t\u00f4i c\u00f3 quy\u1ec1n t\u1eeb ch\u1ed1i ho\u1eb7c h\u1ee7y \u0111\u01a1n h\u00e0ng c\u1ee7a qu\u00fd kh\u00e1ch v\u00ec b\u1ea5t k\u1ef3 l\u00fd do g\u00ec v\u00e0o b\u1ea5t k\u1ef3 l\u00fac n\u00e0o. Ch\u00fang t\u00f4i c\u00f3 th\u1ec3 h\u1ecfi th\u00eam v\u1ec1 s\u1ed1 \u0111i\u1ec7n tho\u1ea1i v\u00e0 \u0111\u1ecba ch\u1ec9 tr\u01b0\u1edbc khi nh\u1eadn \u0111\u01a1n h\u00e0ng.<\/p>\n<p>Ch\u00fang t\u00f4i cam k\u1ebft s\u1ebd cung c\u1ea5p th\u00f4ng tin gi\u00e1 c\u1ea3 ch\u00ednh x\u00e1c nh\u1ea5t cho ng\u01b0\u1eddi ti\u00eau d\u00f9ng. Tuy nhi\u00ean, \u0111\u00f4i l\u00fac v\u1eabn c\u00f3 sai s\u00f3t x\u1ea3y ra, v\u00ed d\u1ee5 nh\u01b0 tr\u01b0\u1eddng h\u1ee3p gi\u00e1 s\u1ea3n ph\u1ea9m kh\u00f4ng hi\u1ec3n th\u1ecb ch\u00ednh x\u00e1c tr\u00ean trang web ho\u1eb7c sai gi\u00e1, t\u00f9y theo t\u1eebng tr\u01b0\u1eddng h\u1ee3p ch\u00fang t\u00f4i s\u1ebd li\u00ean h\u1ec7 h\u01b0\u1edbng d\u1eabn ho\u1eb7c th\u00f4ng b\u00e1o h\u1ee7y \u0111\u01a1n h\u00e0ng \u0111\u00f3 cho qu\u00fd kh\u00e1ch. Ch\u00fang t\u00f4i c\u0169ng c\u00f3 quy\u1ec1n t\u1eeb ch\u1ed1i ho\u1eb7c h\u1ee7y b\u1ecf b\u1ea5t k\u1ef3 \u0111\u01a1n h\u00e0ng n\u00e0o d\u00f9 \u0111\u01a1n h\u00e0ng \u0111\u00f3 \u0111\u00e3 hay ch\u01b0a \u0111\u01b0\u1ee3c x\u00e1c nh\u1eadn ho\u1eb7c \u0111\u00e3 b\u1ecb thanh to\u00e1n.<\/p>\n<p id=\"4-thuong-hieu-va-ban-quyen\"><strong>4. TH\u01af\u01a0NG HI\u1ec6U V\u00c0 B\u1ea2N QUY\u1ec0N<\/strong><\/p>\n<p>M\u1ecdi quy\u1ec1n s\u1edf h\u1eefu tr\u00ed tu\u1ec7 (\u0111\u00e3 \u0111\u0103ng k\u00fd ho\u1eb7c ch\u01b0a \u0111\u0103ng k\u00fd), n\u1ed9i dung th\u00f4ng tin v\u00e0 t\u1ea5t c\u1ea3 c\u00e1c thi\u1ebft k\u1ebf, v\u0103n b\u1ea3n, \u0111\u1ed3 h\u1ecda, ph\u1ea7n m\u1ec1m, h\u00ecnh \u1ea3nh, video, \u00e2m nh\u1ea1c, \u00e2m thanh, bi\u00ean d\u1ecbch ph\u1ea7n m\u1ec1m, m\u00e3 ngu\u1ed3n v\u00e0 ph\u1ea7n m\u1ec1m c\u01a1 b\u1ea3n \u0111\u1ec1u l\u00e0 t\u00e0i s\u1ea3n c\u1ee7a ch\u00fang t\u00f4i. To\u00e0n b\u1ed9 n\u1ed9i dung c\u1ee7a trang web \u0111\u01b0\u1ee3c b\u1ea3o v\u1ec7 b\u1edfi lu\u1eadt b\u1ea3n quy\u1ec1n c\u1ee7a Vi\u1ec7t Nam v\u00e0 c\u00e1c c\u00f4ng \u01b0\u1edbc qu\u1ed1c t\u1ebf. B\u1ea3n quy\u1ec1n \u0111\u00e3 \u0111\u01b0\u1ee3c b\u1ea3o l\u01b0u.<\/p>\n<p id=\"5-quyen-phap-ly\"><strong>5. QUY\u1ec0N PH\u00c1P L\u00dd<\/strong><\/p>\n<p>C\u00e1c \u0111i\u1ec1u ki\u1ec7n, \u0111i\u1ec1u kho\u1ea3n v\u00e0 n\u1ed9i dung c\u1ee7a trang web n\u00e0y \u0111\u01b0\u1ee3c \u0111i\u1ec1u ch\u1ec9nh b\u1edfi lu\u1eadt ph\u00e1p Vi\u1ec7t Nam v\u00e0 T\u00f2a \u00e1n c\u00f3 th\u1ea9m quy\u1ec1n t\u1ea1i Vi\u1ec7t Nam s\u1ebd gi\u1ea3i quy\u1ebft b\u1ea5t k\u1ef3 tranh ch\u1ea5p n\u00e0o ph\u00e1t sinh t\u1eeb vi\u1ec7c s\u1eed d\u1ee5ng tr\u00e1i ph\u00e9p trang web n\u00e0y.<\/p>\n<p id=\"6-quy-dinh-ve-bao-mat\"><strong>6. QUY \u0110\u1ecaNH V\u1ec0 B\u1ea2O M\u1eacT<\/strong><\/p>\n<p>Trang web c\u1ee7a ch\u00fang t\u00f4i coi tr\u1ecdng vi\u1ec7c b\u1ea3o m\u1eadt th\u00f4ng tin v\u00e0 s\u1eed d\u1ee5ng c\u00e1c bi\u1ec7n ph\u00e1p t\u1ed1t nh\u1ea5t b\u1ea3o v\u1ec7 th\u00f4ng tin v\u00e0 vi\u1ec7c thanh to\u00e1n c\u1ee7a qu\u00fd kh\u00e1ch. Th\u00f4ng tin c\u1ee7a qu\u00fd kh\u00e1ch trong qu\u00e1 tr\u00ecnh thanh to\u00e1n s\u1ebd \u0111\u01b0\u1ee3c m\u00e3 h\u00f3a \u0111\u1ec3 \u0111\u1ea3m b\u1ea3o an to\u00e0n. Sau khi qu\u00fd kh\u00e1ch ho\u00e0n th\u00e0nh qu\u00e1 tr\u00ecnh \u0111\u1eb7t h\u00e0ng, qu\u00fd kh\u00e1ch s\u1ebd tho\u00e1t kh\u1ecfi ch\u1ebf \u0111\u1ed9 an to\u00e0n.<\/p>\n<p>Qu\u00fd kh\u00e1ch kh\u00f4ng \u0111\u01b0\u1ee3c s\u1eed d\u1ee5ng b\u1ea5t k\u1ef3 ch\u01b0\u01a1ng tr\u00ecnh, c\u00f4ng c\u1ee5 hay h\u00ecnh th\u1ee9c n\u00e0o kh\u00e1c \u0111\u1ec3 can thi\u1ec7p v\u00e0o h\u1ec7 th\u1ed1ng hay l\u00e0m thay \u0111\u1ed5i c\u1ea5u tr\u00fac d\u1eef li\u1ec7u. Trang web c\u0169ng nghi\u00eam c\u1ea5m vi\u1ec7c ph\u00e1t t\u00e1n, truy\u1ec1n b\u00e1 hay c\u1ed5 v\u0169 cho b\u1ea5t k\u1ef3 ho\u1ea1t \u0111\u1ed9ng n\u00e0o nh\u1eb1m can thi\u1ec7p, ph\u00e1 ho\u1ea1i hay x\u00e2m nh\u1eadp v\u00e0o d\u1eef li\u1ec7u c\u1ee7a h\u1ec7 th\u1ed1ng. C\u00e1 nh\u00e2n hay t\u1ed5 ch\u1ee9c vi ph\u1ea1m s\u1ebd b\u1ecb t\u01b0\u1edbc b\u1ecf m\u1ecdi quy\u1ec1n l\u1ee3i c\u0169ng nh\u01b0 s\u1ebd b\u1ecb truy t\u1ed1 tr\u01b0\u1edbc ph\u00e1p lu\u1eadt n\u1ebfu c\u1ea7n thi\u1ebft.<\/p>\n<p>M\u1ecdi th\u00f4ng tin giao d\u1ecbch s\u1ebd \u0111\u01b0\u1ee3c b\u1ea3o m\u1eadt nh\u01b0ng trong tr\u01b0\u1eddng h\u1ee3p c\u01a1 quan ph\u00e1p lu\u1eadt y\u00eau c\u1ea7u, ch\u00fang t\u00f4i s\u1ebd bu\u1ed9c ph\u1ea3i cung c\u1ea5p nh\u1eefng th\u00f4ng tin n\u00e0y cho c\u00e1c c\u01a1 quan ph\u00e1p lu\u1eadt.<\/p>\n<p><strong>7. Thanh to\u00e1n an to\u00e0n v\u00e0 ti\u1ec7n l\u1ee3i t\u1ea1i https:\/\/productionq.vn\/\u00a0<\/strong><\/p>\n<p>M\u1ecdi kh\u00e1ch h\u00e0ng tham giao giao d\u1ecbch t\u1ea1i https:\/\/productionq.vn\/\u00a0qua th\u1ebb t\u00edn d\u1ee5ng qu\u1ed1c t\u1ebf \u0111\u1ec1u \u0111\u01b0\u1ee3c b\u1ea3o m\u1eadt th\u00f4ng tin b\u1eb1ng m\u00e3 h\u00f3a (xem chi ti\u1ebft t\u1ea1i \u0111i\u1ec1u kho\u1ea3n \u201cQuy \u0111\u1ecbnh v\u1ec1\u00a0b\u1ea3o m\u1eadt\u201d \u0111\u01b0\u1ee3c n\u00eau \u1edf tr\u00ean). Qua \u0111\u00f3, khi th\u1ef1c hi\u1ec7n thanh to\u00e1n qua m\u1ea1ng qu\u00fd kh\u00e1ch l\u01b0u \u00fd c\u00e1c chi ti\u1ebft sau:<\/p>\n<p>+ Ch\u1ec9 s\u1eed d\u1ee5ng trang web c\u00f3 ch\u1ee9ng ch\u1ec9 thanh to\u00e1n an to\u00e0n.<\/p>\n<p>+ Tuy\u1ec7t \u0111\u1ed1i kh\u00f4ng cho ng\u01b0\u1eddi kh\u00e1c m\u01b0\u1ee3n th\u1ebb t\u00edn d\u1ee5ng ho\u1eb7c t\u00e0i kho\u1ea3n c\u1ee7a m\u00ecnh \u0111\u1ec3 th\u1ef1c hi\u1ec7n thanh to\u00e1n t\u1ea1i Luoihoaphat.vn trong tr\u01b0\u1eddng h\u1ee3p ph\u00e1t sinh giao d\u1ecbch ngo\u00e0i \u00fd mu\u1ed1n, qu\u00fd kh\u00e1ch vui l\u00f2ng th\u00f4ng b\u00e1o cho https:\/\/productionq.vn\/\u00a0bi\u1ebft \u0111\u1ec3 c\u00f3 th\u1ec3 h\u1ed7 tr\u1ee3 k\u1ecbp th\u1eddi.<\/p>\n<p>+ Ki\u1ec3m tra t\u00e0i kho\u1ea3n ng\u00e2n h\u00e0ng c\u1ee7a m\u00ecnh th\u01b0\u1eddng xuy\u00ean \u0111\u1ec3 \u0111\u1ea3m b\u1ea3o t\u1ea5t c\u1ea3 giao d\u1ecbch qua th\u1ebb \u0111\u1ec1u n\u1eb1m trong t\u1ea7m ki\u1ec3m so\u00e1t.<\/p>\n<p>+ Trong m\u1ed9t s\u1ed1 tr\u01b0\u1eddng h\u1ee3p ph\u00e1t sinh giao d\u1ecbch b\u1ea5t th\u01b0\u1eddng ho\u1eb7c gi\u00e1 tr\u1ecb \u0111\u01a1n h\u00e0ng qu\u00e1 l\u1edbn, https:\/\/productionq.vn\/ c\u00f3 th\u1ec3 s\u1ebd y\u00eau c\u1ea7u qu\u00fd kh\u00e1ch ch\u1ee5p h\u00ecnh\/scan th\u1ebb t\u00edn d\u1ee5ng v\u00e0 ch\u1ee9ng minh nh\u00e2n d\u00e2n c\u1ee7a ch\u1ee7 th\u1ebb \u0111\u1ec3 x\u00e1c minh t\u00ednh ch\u00ednh x\u00e1c v\u00e0 \u0111\u1ed9 trung th\u1ef1c c\u1ee7a giao d\u1ecbch. Khi qu\u00fd kh\u00e1ch nh\u1eadn \u0111\u01b0\u1ee3c y\u00eau c\u1ea7u n\u00e0y, vui l\u00f2ng che 3 s\u1ed1 CVV \u1edf m\u1eb7t sau c\u1ee7a th\u1ebb \u0111\u1ec3 \u0111\u1ea3m b\u1ea3o th\u00f4ng tin c\u1ee7a th\u1ebb kh\u00f4ng b\u1ecb l\u1ecdt v\u00e0o ng\u01b0\u1eddi th\u1ee9 3.<\/p>\n<p id=\"8-giao-ket-giao-dich-tai-www-gianphoihoaphat-vn\"><strong>8. GIAO K\u1ebeT GIAO D\u1ecaCH T\u1ea0I Productionq.vn<\/strong><\/p>\n<p>Kh\u00e1ch h\u00e0ng khi mua s\u1eafm t\u1ea1i Productionq.vn ph\u1ea3i th\u1ef1c hi\u1ec7n c\u00e1c thao t\u00e1c \u0111\u1eb7t h\u00e0ng v\u00e0 nh\u1eadn h\u00e0ng theo tr\u00ecnh t\u1ef1 sau:<\/p>\n<p>+ B\u01b0\u1edbc 1: Kh\u00e1ch h\u00e0ng \u0111\u1eb7t h\u00e0ng, cung c\u1ea5p th\u00f4ng tin \u0111\u1ea7y \u0111\u1ee7, x\u00e1c th\u1ef1c;<\/p>\n<p>+ B\u01b0\u1edbc 2: Kh\u00e1ch h\u00e0ng thanh to\u00e1n ti\u1ec1n m\u1eb7t ho\u1eb7c chuy\u1ec3n kho\u1ea3n sau khi nh\u1eadn v\u00e0 ki\u1ec3m tra h\u00e0ng<\/p>\n<p>+ B\u01b0\u1edbc 3: Productionq.vn ki\u1ec3m tra, x\u00e1c nh\u1eadn \u0111\u01a1n h\u00e0ng v\u00e0 chuy\u1ec3n h\u00e0ng;<\/p>\n<p>+ B\u01b0\u1edbc 4: Kh\u00e1ch h\u00e0ng ki\u1ec3m tra v\u00e0 nh\u1eadn h\u00e0ng;<\/p>\n<p>Trong c\u00e1c tr\u01b0\u1eddng h\u1ee3p, kh\u00e1ch h\u00e0ng c\u00f3 th\u1ec3 tra c\u1ee9u th\u00f4ng tin giao d\u1ecbch qua email g\u1eedi v\u00e0o h\u1ed9p th\u01b0 kh\u00e1ch h\u00e0ng \u0111\u00e3 \u0111\u0103ng k\u00fd v\u1edbi Productionq.vn. Ngo\u00e0i ra, kh\u00e1ch h\u00e0ng c\u00f3 th\u1ec3 tra c\u1ee9u \u0111\u01b0\u1ee3c l\u1ecbch s\u1eed giao d\u1ecbch khi \u0111\u0103ng nh\u1eadp v\u00e0o t\u00e0i kho\u1ea3n c\u1ee7a m\u00ecnh t\u1ea1i website Productionq.vn<\/p>\n<p id=\"9-thay-doi-huy-bo-giao-dich-tai-www-gianphoihoaphat-vn\"><strong>9. THAY \u0110\u1ed4I, H\u1ee6Y B\u1ece GIAO D\u1ecaCH T\u1ea0I Productionq.vn<\/strong><\/p>\n<p>M\u1ed9t khi h\u00e0ng \u0111\u00e3 \u0111\u01b0\u1ee3c chuy\u1ec3n \u0111i th\u00ec n\u00f3 s\u1ebd kh\u00f4ng th\u1ec3 b\u1ecb h\u1ee7y \u0111\u01b0\u1ee3c v\u00e0 c\u00e1c s\u1ea3n ph\u1ea9m ph\u1ea3i \u0111\u01b0\u1ee3c tr\u1ea3 l\u1ea1i c\u00f4ng ty theo h\u01b0\u1edbng d\u1eabn \u0111\u01b0\u1ee3c \u0111\u01b0a ra b\u1edfi b\u1ed9 ph\u1eadn ch\u0103m s\u00f3c kh\u00e1ch h\u00e0ng c\u1ee7a ch\u00fang t\u00f4i<\/p>\n<p id=\"10-giai-quyet-hau-qua-do-loi-nhap-sai-thong-tin-thuong-mai-tai-www-gianphoihoaphat-vn\"><strong>10. GI\u1ea2I QUY\u1ebeT H\u1eacU QU\u1ea2 DO L\u1ed6I NH\u1eacP SAI TH\u00d4NG TIN TH\u01af\u01a0NG M\u1ea0I T\u1ea0I Productionq.vn<\/strong><\/p>\n<p>Kh\u00e1ch h\u00e0ng c\u00f3 tr\u00e1ch nhi\u1ec7m cung c\u1ea5p th\u00f4ng tin \u0111\u1ea7y \u0111\u1ee7 v\u00e0 ch\u00ednh x\u00e1c khi tham gia giao d\u1ecbch t\u1ea1i Productionq.vn. Trong tr\u01b0\u1eddng h\u1ee3p kh\u00e1ch h\u00e0ng nh\u1eadp sai th\u00f4ng tin g\u1eedi v\u00e0o trang th\u00f4ng tin \u0111i\u1ec7n t\u1eed b\u00e1n h\u00e0ng Productionq.vn, Productionq.vn c\u00f3 quy\u1ec1n t\u1eeb ch\u1ed1i th\u1ef1c hi\u1ec7n giao d\u1ecbch.<\/p>\n<p>Trong tr\u01b0\u1eddng h\u1ee3p sai th\u00f4ng tin ph\u00e1t sinh t\u1eeb ph\u00eda Productionq.vn c\u00f3 th\u1ec3 ch\u1ee9ng minh \u0111\u00f3 l\u00e0 l\u1ed7i c\u1ee7a h\u1ec7 th\u1ed1ng ho\u1eb7c t\u1eeb b\u00ean th\u1ee9 ba, Productionq.vn s\u1ebd \u0111\u1ec1n b\u00f9 cho kh\u00e1ch h\u00e0ng m\u1ed9t m\u00e3 gi\u1ea3m gi\u00e1 cho c\u00e1c l\u1ea7n mua s\u1eafm ti\u1ebfp theo v\u1edbi m\u1ec7nh gi\u00e1 t\u00f9y t\u1eebng tr\u01b0\u1eddng h\u1ee3p c\u1ee5 th\u1ec3 v\u00e0 c\u00f3 quy\u1ec1n kh\u00f4ng th\u1ef1c hi\u1ec7n giao d\u1ecbch b\u1ecb l\u1ed7i.<\/p>\n<p id=\"11-giai-quyet-tranh-chap\"><strong>11. GI\u1ea2I QUY\u1ebeT TRANH CH\u1ea4P<\/strong><\/p>\n<p>B\u1ea5t k\u1ef3 tranh c\u00e3i, khi\u1ebfu n\u1ea1i ho\u1eb7c tranh ch\u1ea5p ph\u00e1t sinh t\u1eeb ho\u1eb7c li\u00ean quan \u0111\u1ebfn giao d\u1ecbch t\u1ea1i Productionq.vn ho\u1eb7c c\u00e1c Quy \u0111\u1ecbnh v\u00e0 \u0110i\u1ec1u ki\u1ec7n n\u00e0y \u0111\u1ec1u s\u1ebd \u0111\u01b0\u1ee3c gi\u1ea3i quy\u1ebft b\u1eb1ng h\u00ecnh th\u1ee9c th\u01b0\u01a1ng l\u01b0\u1ee3ng, h\u00f2a gi\u1ea3i, tr\u1ecdng t\u00e0i v\u00e0\/ho\u1eb7c T\u00f2a \u00e1n theo Lu\u1eadt b\u1ea3o v\u1ec7 Ng\u01b0\u1eddi ti\u00eau d\u00f9ng Ch\u01b0\u01a1ng 4 v\u1ec1 Gi\u1ea3i quy\u1ebft tranh ch\u1ea5p gi\u1eefa ng\u01b0\u1eddi ti\u00eau d\u00f9ng v\u00e0 t\u1ed5 ch\u1ee9c, c\u00e1 nh\u00e2n kinh doanh h\u00e0ng h\u00f3a, d\u1ecbch v\u1ee5.<\/p>\n<p id=\"12-quy-dinh-cham-dut-thoa-thuan\"><strong>12. QUY \u0110\u1ecaNH CH\u1ea4M D\u1ee8T TH\u1eceA THU\u1eacN<\/strong><\/p>\n<p>Trong tr\u01b0\u1eddng h\u1ee3p c\u00f3 b\u1ea5t k\u1ef3 thi\u1ec7t h\u1ea1i n\u00e0o ph\u00e1t sinh do vi\u1ec7c vi ph\u1ea1m Quy \u0110\u1ecbnh s\u1eed d\u1ee5ng trang web, ch\u00fang t\u00f4i c\u00f3 quy\u1ec1n \u0111\u00ecnh ch\u1ec9 ho\u1eb7c kh\u00f3a t\u00e0i kho\u1ea3n c\u1ee7a qu\u00fd kh\u00e1ch v\u0129nh vi\u1ec5n. N\u1ebfu qu\u00fd kh\u00e1ch kh\u00f4ng h\u00e0i l\u00f2ng v\u1edbi trang web ho\u1eb7c b\u1ea5t k\u1ef3 \u0111i\u1ec1u kho\u1ea3n, \u0111i\u1ec1u ki\u1ec7n, quy t\u1eafc, ch\u00ednh s\u00e1ch, h\u01b0\u1edbng d\u1eabn, ho\u1eb7c c\u00e1ch th\u1ee9c v\u1eadn h\u00e0nh c\u1ee7a Productionq.vn th\u00ec bi\u1ec7n ph\u00e1p kh\u1eafc ph\u1ee5c duy nh\u1ea5t l\u00e0 ng\u01b0ng l\u00e0m vi\u1ec7c v\u1edbi ch\u00fang t\u00f4i.<\/p>\n<p id=\"13-cac-truong-hop-nam-ngoai-kiem-soat-cua-chung-toi-(dieu-khoan-ve-bat-kha-khang)\"><strong>13. C\u00c1C TR\u01af\u1edcNG H\u1ee2P N\u1eb0M NGO\u00c0I KI\u1ec2M SO\u00c1T C\u1ee6A CH\u00daNG T\u00d4I (\u0110I\u1ec0U KHO\u1ea2N V\u1ec0 B\u1ea4T KH\u1ea2 KH\u00c1NG)<\/strong><\/p>\n<p>Ch\u00fang t\u00f4i s\u1ebd kh\u00f4ng ch\u1ecbu tr\u00e1ch nhi\u1ec7m cho b\u1ea5t k\u1ef3 h\u00e0nh vi vi ph\u1ea1m, c\u1ea3n tr\u1edf ho\u1eb7c ch\u1eadm tr\u1ec5 trong vi\u1ec7c th\u1ef1c hi\u1ec7n m\u1ed9t \u0111\u01a1n h\u00e0ng n\u00e0o do b\u1ea5t k\u1ef3 nguy\u00ean nh\u00e2n n\u1eb1m ngo\u00e0i t\u1ea7m ki\u1ec3m so\u00e1t c\u1ee7a ch\u00fang t\u00f4i, bao g\u1ed3m v\u00e0 kh\u00f4ng gi\u1edbi h\u1ea1n cho c\u00e1c hi\u1ec3m h\u1ecda thi\u00ean nhi\u00ean v\u00e0 nh\u1eefng tai n\u1ea1n kh\u00f4ng th\u1ec3 tr\u00e1nh kh\u1ecfi, c\u00e1c h\u00e0nh \u0111\u1ed9ng c\u1ee7a b\u00ean th\u1ee9 ba (bao g\u1ed3m v\u00e0 kh\u00f4ng gi\u1edbi h\u1ea1n trong tin t\u1eb7c, c\u00e1c nh\u00e0 cung c\u1ea5p, ch\u00ednh ph\u1ee7, thu\u1ed9c ch\u00ednh ph\u1ee7, c\u01a1 quan \u0111a qu\u1ed1c gia hay c\u00e1c ch\u00ednh quy\u1ec1n \u0111\u1ecba ph\u01b0\u01a1ng), kh\u1edfi ngh\u0129a, b\u1ea1o lo\u1ea1n, b\u1ea1o \u0111\u1ed9ng ch\u00ednh quy\u1ec1n, chi\u1ebfn tranh, th\u00f9 \u0111\u1ecbch, ho\u1ea1t \u0111\u1ed9ng hi\u1ebfu chi\u1ebfn, c\u00e1c tr\u01b0\u1eddng h\u1ee3p qu\u1ed1c gia kh\u1ea9n c\u1ea5p, kh\u1ee7ng b\u1ed1, bu\u00f4n l\u1eadu, b\u1eaft b\u1edb, h\u1ea1n ch\u1ebf hay c\u1ea7m t\u00f9 c\u1ee7a c\u01a1 quan c\u00f3 th\u1ea9m quy\u1ec1n, \u0111\u00ecnh c\u00f4ng, d\u1ecbch b\u1ec7nh, h\u1ecfa ho\u1ea1n, ch\u00e1y n\u1ed5, b\u00e3o t\u00e1p, l\u0169 l\u1ee5t, h\u1ea1n h\u00e1n, \u0111i\u1ec1u ki\u1ec7n th\u1eddi ti\u1ebft, \u0111\u1ed9ng \u0111\u1ea5t, th\u1ea3m h\u1ecda thi\u00ean nhi\u00ean, tai n\u1ea1n, s\u1ef1 c\u1ed1 m\u00e1y m\u00f3c, ph\u1ea7n m\u1ec1m c\u1ee7a 1 b\u00ean th\u1ee9 ba, gi\u00e1n \u0111o\u1ea1n ho\u1eb7c v\u1ea5n \u0111\u1ec1 v\u1ec1 vi\u1ec7c cung c\u1ea5p ti\u1ec7n \u00edch c\u00f4ng c\u1ed9ng (bao g\u1ed3m \u0111i\u1ec7n, vi\u1ec5n th\u00f4ng, hay Internet), thi\u1ebfu h\u1ee5t ho\u1eb7c kh\u00f4ng c\u00f3 kh\u1ea3 n\u0103ng \u0111\u1ec3 l\u1ea5y s\u1ea3n ph\u1ea9m, v\u1eadt li\u1ec7u, thi\u1ebft b\u1ecb, hay v\u1eadn chuy\u1ec3n (\u201cTr\u01b0\u1eddng h\u1ee3p B\u1ea5t Kh\u1ea3 Kh\u00e1ng\u201d), m\u1eb7c cho nh\u1eefng tr\u01b0\u1eddng h\u1ee3p \u0111\u00f3 c\u00f3 th\u1ec3 l\u01b0\u1eddng tr\u01b0\u1edbc \u0111\u01b0\u1ee3c.<\/p>\n<p>N\u1ebfu ch\u00fang t\u00f4i c\u00f3 \u0111\u01a1n h\u00e0ng y\u00eau c\u1ea7u giao c\u00e1c s\u1ea3n ph\u1ea9m gi\u1ed1ng nhau ho\u1eb7c t\u01b0\u01a1ng t\u1ef1 cho nhi\u1ec1u h\u01a1n 1 kh\u00e1ch h\u00e0ng v\u00e0 ch\u00fang t\u00f4i kh\u00f4ng th\u1ec3 th\u1ef1c hi\u1ec7n ngh\u0129a v\u1ee5 giao h\u00e0ng cho quy\u0301 kh\u00e1ch v\u00ec c\u00e1c Tr\u01b0\u1eddng h\u1ee3p B\u1ea5t Kh\u1ea3 Kh\u00e1ng, ch\u00fang t\u00f4i c\u00f3 to\u00e0n quy\u1ec1n quy\u1ebft \u0111\u1ecbnh s\u1ebd th\u1ef1c hi\u1ec7n \u0111\u01a1n h\u00e0ng n\u00e0o v\u00e0 th\u1ef1c hi\u1ec7n \u0111\u1ebfn m\u1ee9c \u0111\u1ed9 n\u00e0o.<\/p>\n<p id=\"14-thong-bao\"><strong>14. TH\u00d4NG B\u00c1O<\/strong><\/p>\n<p>B\u1ea5t c\u1ee9 th\u00f4ng b\u00e1o n\u00e0o li\u00ean quan \u0111\u1ebfn \u0111\u01a1n h\u00e0ng s\u1ebd \u1edf h\u00ecnh th\u1ee9c v\u0103n b\u1ea3n v\u00e0 c\u00f3 th\u1ec3 s\u1ebd \u0111\u01b0\u1ee3c s\u1eed d\u1ee5ng cho giao h\u00e0ng c\u00e1 nh\u00e2n, tr\u1ea3 tr\u01b0\u1edbc, ho\u1eb7c th\u01b0 b\u1ea3o \u0111\u1ea3m, ho\u1eb7c b\u1eb1ng email \u0111\u01b0\u1ee3c g\u1eedi \u0111\u1ebfn \u0111\u1ecba ch\u1ec9 b\u01b0u \u0111i\u1ec7n hay \u0111\u1ecba ch\u1ec9 email c\u1ee7a nh\u1eefng b\u00ean li\u00ean quan.<\/p>\n<p>B\u1ea5t c\u1ee9 th\u00f4ng b\u00e1o n\u00e0o g\u1eedi b\u1eb1ng b\u01b0u \u0111i\u1ec7n s\u1ebd \u0111\u01b0\u1ee3c hi\u1ec3u l\u00e0 \u0111\u00e3 \u0111\u01b0\u1ee3c th\u1ef1c hi\u1ec7n 2 ng\u00e0y l\u00e0m vi\u1ec7c sau khi th\u00f4ng b\u00e1o t\u01b0\u01a1ng t\u1ef1 \u0111\u00e3 \u0111\u01b0\u1ee3c g\u1eedi \u0111i n\u1ebfu nh\u01b0 \u0111\u1ecba ch\u1ec9 c\u1ee7a ng\u01b0\u1eddi nh\u1eadn l\u00e0 \u1edf UK. B\u1ea5t c\u1ee9 th\u00f4ng b\u00e1o n\u00e0o \u0111\u01b0\u1ee3c g\u1eedi qua email s\u1ebd \u0111\u01b0\u1ee3c hi\u1ec3u l\u00e0 \u0111\u00e3 \u0111\u01b0\u1ee3c th\u1ef1c hi\u1ec7n khi nh\u1eadn \u0111\u01b0\u1ee3c th\u00f4ng b\u00e1o l\u00e0 email \u0111\u00e3 \u0111\u01b0\u1ee3c nh\u1eadn b\u1edfi m\u00e1y ch\u1ee7 c\u1ee7a ng\u01b0\u1eddi nh\u1eadn. \u0110\u1ec3 c\u00f3 th\u1ec3 ch\u1ee9ng minh \u0111\u01b0\u1ee3c d\u1ecbch v\u1ee5 \u0111\u00e3 ho\u00e0n t\u1ea5t, ph\u1ea3i c\u00f3 \u0111\u1ee7 minh ch\u1ee9ng l\u00e0 th\u01b0 ho\u1eb7c email \u0111\u01b0\u1ee3c g\u1eedi \u0111\u1ebfn \u0111\u00fang \u0111\u1ecba ch\u1ec9 v\u00e0 n\u1ebfu c\u00f3 th\u1ec3, g\u1eedi qua d\u1ecbch v\u1ee5 tr\u1ea3 tr\u01b0\u1edbc ho\u1eb7c th\u01b0 b\u1ea3o \u0111\u1ea3m ho\u1eb7c th\u00f4ng b\u00e1o th\u01b0 \u0111\u00e3 \u0111\u01b0\u1ee3c g\u1eedi.<\/p>\n<p id=\"15-quang-cao-tren-trang-web\"><strong>15. QU\u1ea2NG C\u00c1O TR\u00caN TRANG WEB<\/strong><\/p>\n<p>Ch\u00fang t\u00f4i s\u1ebd n\u1ed7 l\u1ef1c tu\u00e2n th\u1ee7 c\u00e1c quy \u0111\u1ecbnh ph\u00e1p lu\u1eadt li\u00ean quan \u0111\u1ebfn qu\u1ea3ng c\u00e1o tr\u00ean trang Web.<\/p>\n<p id=\"16-cac-van-de-chung\"><strong>16. C\u00c1C V\u1ea4N \u0110\u1ec0 CHUNG<\/strong><\/p>\n<p>Ch\u00fang t\u00f4i s\u1ebd l\u01b0u gi\u1eef \u0111\u01a1n \u0111\u1eb7t h\u00e0ng c\u1ee7a quy\u0301 kh\u00e1ch khi \u0111\u00e3 ch\u1ea5p nh\u1eadn \u0111\u01a1n h\u00e0ng c\u1ee7a quy\u0301 kh\u00e1ch. Tuy nhi\u00ean, \u0111\u1ec3 quy\u0301 kh\u00e1ch c\u00f3 th\u1ec3 tham kh\u1ea3o th\u00eam v\u1ec1 sau, ch\u00fang t\u00f4i khuy\u00ean r\u1eb1ng quy\u0301 kh\u00e1ch n\u00ean in m\u1ed9t b\u1ea3n sao c\u1ee7a c\u00e1c \u0110i\u1ec1u Kho\u1ea3n v\u00e0 \u0110i\u1ec1u Ki\u1ec7n n\u00e0y, H\u00f3a \u0110\u01a1n v\u00e0 th\u00f4ng b\u00e1o X\u00e1c Nh\u1eadn \u0110\u01a1n H\u00e0ng.<\/p>\n<p>Quy\u0301 kh\u00e1ch kh\u00f4ng \u0111\u01b0\u1ee3c b\u00e0n giao, chuy\u1ec3n nh\u01b0\u1ee3ng, thay \u0111\u1ed5i, t\u00ednh ph\u00ed, t\u1ea1o h\u1ee3p \u0111\u1ed3ng ph\u1ee5, tin t\u01b0\u1edfng ho\u1eb7c \u0111\u1ed1i ph\u00f3 v\u1edbi nh\u1eefng h\u00e0nh \u0111\u1ed9ng n\u00e0o li\u00ean quan \u0111\u1ebfn c\u00e1c \u0110i\u1ec1u Kho\u1ea3n v\u00e0 \u0110i\u1ec1u Ki\u1ec7n n\u00e0y<\/p>\n<p>Kh\u00f4ng c\u00f3 \u0111i\u1ec1u g\u00ec trong \u0110i\u1ec1u Kho\u1ea3n v\u00e0 \u0110i\u1ec1u Ki\u1ec7n n\u00e0y c\u00f3 th\u1ec3 d\u00f9ng \u0111\u1ec3 t\u1ea1o m\u1ed1i quan h\u1ec7 h\u1ee3p t\u00e1c, \u0111\u1ea1i di\u1ec7n, hay m\u1ed1i quan h\u1ec7 gi\u1eefa ng\u01b0\u1eddi s\u1eed d\u1ee5ng lao \u0111\u1ed9ng v\u00e0 nh\u00e2n vi\u00ean gi\u1eefa quy\u0301 kh\u00e1ch v\u00e0 ch\u00fang t\u00f4i.<\/p>\n<p id=\"17-luat-phap-va-tham-quyen-tai-viet-nam\"><strong>17. LU\u1eacT PH\u00c1P V\u00c0 TH\u1ea8M QUY\u1ec0N T\u1ea0I VI\u1ec6T NAM<\/strong><\/p>\n<p>T\u1ea5t c\u1ea3 c\u00e1c \u0110i\u1ec1u Kho\u1ea3n v\u00e0 \u0110i\u1ec1u Ki\u1ec7n n\u00e0y s\u1ebd b\u1ecb chi ph\u1ed1i v\u00e0 \u0111\u01b0\u1ee3c hi\u1ec3u theo lu\u1eadt ph\u00e1p c\u1ee7a Vi\u1ec7t Nam. N\u1ebfu c\u00f3 tranh ch\u1ea5p ph\u00e1t sinh b\u1edfi c\u00e1c Quy \u0111\u1ecbnh S\u1eed d\u1ee5ng n\u00e0y, qu\u00fd kh\u00e1ch g\u1eedi khi\u1ebfu n\u1ea1i l\u00ean t\u00f2a \u00e1n Vi\u1ec7t Nam \u0111\u1ec3 gi\u1ea3i quy\u1ebft.<\/p>\n<p>Productionq.vn cam k\u1ebft th\u1ef1c hi\u1ec7n \u0111\u00fang theo c\u00e1c &#8220;\u0110i\u1ec1u kho\u1ea3n mua b\u00e1n&#8221; \u0111\u01b0\u1ee3c n\u00eau ph\u00eda tr\u00ean. M\u1ecdi th\u1eafc m\u1eafc hay ph\u1ea3n h\u1ed3i th\u00f4ng tin v\u1ec1 \u201c\u0110i\u1ec1u kho\u1ea3n mua b\u00e1n\u201d xin vui l\u00f2ng li\u00ean h\u1ec7 theo \u0111\u1ecba ch\u1ec9 email info@productionq.vn<\/p>\n","protected":false},"excerpt":{"rendered":"<p>\u0110I\u1ec0U KHO\u1ea2N MUA B\u00c1N H\u00c0NG H\u00d3A Khi qu\u00fd kh\u00e1ch truy c\u1eadp v\u00e0o trang website https:\/\/productionq.vn\/ C\u00f3 ngh\u0129a l\u00e0 qu\u00fd kh\u00e1ch \u0111\u1ed3ng \u00fd v\u1edbi c\u00e1c \u0111i\u1ec1u kho\u1ea3n v\u00e0 \u0111i\u1ec1u ki\u1ec7n n\u00e0y. Trang web c\u00f3 quy\u1ec1n thay \u0111\u1ed5i, ch\u1ec9nh s\u1eeda, th\u00eam ho\u1eb7c l\u01b0\u1ee3c b\u1ecf b\u1ea5t k\u1ef3 ph\u1ea7n n\u00e0o trong \u0110i\u1ec1u kho\u1ea3n mua b\u00e1n h\u00e0ng h\u00f3a n\u00e0y v\u00e0o [&hellip;]<\/p>\n","protected":false},"author":1,"featured_media":0,"parent":0,"menu_order":0,"comment_status":"closed","ping_status":"closed","template":"","meta":{"_acf_changed":false,"rank_math_lock_modified_date":false,"inline_featured_image":false,"footnotes":""},"class_list":["post-4895","page","type-page","status-publish","hentry"],"acf":[],"_links":{"self":[{"href":"https:\/\/productionq.vn\/shop\/wp-json\/wp\/v2\/pages\/4895","targetHints":{"allow":["GET"]}}],"collection":[{"href":"https:\/\/productionq.vn\/shop\/wp-json\/wp\/v2\/pages"}],"about":[{"href":"https:\/\/productionq.vn\/shop\/wp-json\/wp\/v2\/types\/page"}],"author":[{"embeddable":true,"href":"https:\/\/productionq.vn\/shop\/wp-json\/wp\/v2\/users\/1"}],"replies":[{"embeddable":true,"href":"https:\/\/productionq.vn\/shop\/wp-json\/wp\/v2\/comments?post=4895"}],"version-history":[{"count":4,"href":"https:\/\/productionq.vn\/shop\/wp-json\/wp\/v2\/pages\/4895\/revisions"}],"predecessor-version":[{"id":5054,"href":"https:\/\/productionq.vn\/shop\/wp-json\/wp\/v2\/pages\/4895\/revisions\/5054"}],"wp:attachment":[{"href":"https:\/\/productionq.vn\/shop\/wp-json\/wp\/v2\/media?parent=4895"}],"curies":[{"name":"wp","href":"https:\/\/api.w.org\/{rel}","templated":true}]}}