{"id":4630,"date":"2024-07-30T09:35:56","date_gmt":"2024-07-30T09:35:56","guid":{"rendered":"https:\/\/productionq.vn\/shop\/?post_type=product&#038;p=4630"},"modified":"2024-09-10T00:47:32","modified_gmt":"2024-09-09T17:47:32","slug":"nuoc-hoa-the-secret-of-tam","status":"publish","type":"product","link":"https:\/\/productionq.vn\/shop\/san-pham\/nuoc-hoa-the-secret-of-tam\/","title":{"rendered":"N\u01b0\u1edbc hoa &#8220;The Secret of T\u1ea5m&#8221;"},"content":{"rendered":"<p><span style=\"font-weight: 400\">L\u00e0 m\u1ed9t m\u00f9i h\u01b0\u01a1ng ng\u1ecdt ng\u00e0o nh\u01b0ng \u0111\u1ea7y b\u00ed \u1ea9n, ph\u1ea3n \u00e1nh t\u00ednh c\u00e1ch ch\u1ee7 \u0111\u1ed9ng v\u00e0 quy\u1ebft li\u1ec7t \u1ea9n trong v\u1ebb ngo\u00e0i ng\u1ecdt ng\u00e0o d\u1ecbu d\u00e0ng c\u1ee7a c\u1ee7a c\u00f4 T\u1ea5m th\u1eddi hi\u1ec7n \u0111\u1ea1i.\u00a0<\/span><\/p>\n<p><img fetchpriority=\"high\" decoding=\"async\" class=\"alignnone size-medium wp-image-4635\" src=\"https:\/\/productionq.vn\/shop\/wp-content\/uploads\/2024\/07\/Photoroom_20240730_154917-1-300x300.jpg\" alt=\"\" width=\"300\" height=\"300\" srcset=\"https:\/\/productionq.vn\/shop\/wp-content\/uploads\/2024\/07\/Photoroom_20240730_154917-1-300x300.jpg 300w, https:\/\/productionq.vn\/shop\/wp-content\/uploads\/2024\/07\/Photoroom_20240730_154917-1-1024x1024.jpg 1024w, https:\/\/productionq.vn\/shop\/wp-content\/uploads\/2024\/07\/Photoroom_20240730_154917-1-150x150.jpg 150w, https:\/\/productionq.vn\/shop\/wp-content\/uploads\/2024\/07\/Photoroom_20240730_154917-1-768x768.jpg 768w, https:\/\/productionq.vn\/shop\/wp-content\/uploads\/2024\/07\/Photoroom_20240730_154917-1-1536x1536.jpg 1536w, https:\/\/productionq.vn\/shop\/wp-content\/uploads\/2024\/07\/Photoroom_20240730_154917-1-400x400.jpg 400w, https:\/\/productionq.vn\/shop\/wp-content\/uploads\/2024\/07\/Photoroom_20240730_154917-1-700x700.jpg 700w, https:\/\/productionq.vn\/shop\/wp-content\/uploads\/2024\/07\/Photoroom_20240730_154917-1-110x110.jpg 110w, https:\/\/productionq.vn\/shop\/wp-content\/uploads\/2024\/07\/Photoroom_20240730_154917-1-50x50.jpg 50w, https:\/\/productionq.vn\/shop\/wp-content\/uploads\/2024\/07\/Photoroom_20240730_154917-1-100x100.jpg 100w, https:\/\/productionq.vn\/shop\/wp-content\/uploads\/2024\/07\/Photoroom_20240730_154917-1-460x460.jpg 460w, https:\/\/productionq.vn\/shop\/wp-content\/uploads\/2024\/07\/Photoroom_20240730_154917-1-96x96.jpg 96w, https:\/\/productionq.vn\/shop\/wp-content\/uploads\/2024\/07\/Photoroom_20240730_154917-1.jpg 2048w\" sizes=\"(max-width: 300px) 100vw, 300px\" \/><\/p>\n<p><span style=\"font-weight: 400\">H\u01b0\u01a1ng th\u01a1m m\u1edf \u0111\u1ea7u v\u1edbi m\u00f9i h\u01b0\u01a1ng c\u1ee7a qu\u1ea3 th\u1ecb, nh\u1eb9 nh\u00e0ng m\u00ea ho\u1eb7c, nh\u01b0 m\u00f9i h\u01b0\u01a1ng m\u00e1t ng\u1ecdt v\u00e0 lan xa c\u1ee7a lo\u1ea1i tr\u00e1i d\u00e2n d\u00e3 m\u00e0 c\u00f4 T\u1ea5m v\u00f4 c\u00f9ng y\u00eau m\u1ebfn. Ti\u1ebfp \u0111\u1ebfn l\u00e0 t\u1ea7ng h\u01b0\u01a1ng gi\u1eefa c\u1ee7a hoa m\u1ed9c t\u00ea (Osmanthus) v\u00e0 hoa thi\u00ean l\u00fd (Tonkin Jasmine), t\u1ea1o n\u00ean m\u1ed9t s\u1ef1 h\u00f2a quy\u1ec7n ho\u00e0n h\u1ea3o gi\u1eefa s\u1ef1 thanh tao v\u00e0 duy\u00ean d\u00e1ng. H\u01b0\u01a1ng th\u01a1m n\u00e0y t\u1ea1o n\u00ean m\u1ed9t kh\u00f4ng gian th\u01a1 m\u1ed9ng v\u00e0 \u0111\u1ea7y quy\u1ebfn r\u0169, nh\u01b0 v\u1ebb ngo\u00e0i trong s\u00e1ng v\u00e0 r\u1ea1ng r\u1ee1 c\u1ee7a c\u00f4 g\u00e1i tu\u1ed5i \u0111\u00f4i m\u01b0\u01a1i.\u00a0<\/span><\/p>\n<p><span style=\"font-weight: 400\">Cu\u1ed1i c\u00f9ng, h\u01b0\u01a1ng th\u01a1m k\u1ebft th\u00fac v\u1edbi s\u1ef1 \u1ea5m \u00e1p v\u00e0 b\u1ec1n b\u1ec9 c\u1ee7a x\u1ea1 h\u01b0\u01a1ng tr\u1eafng v\u00e0 h\u1ea1t ho\u00e0ng qu\u1ef3 (Ambrette Seed). S\u1ef1 k\u1ebft h\u1ee3p n\u00e0y mang l\u1ea1i c\u1ea3m gi\u00e1c s\u00e2u l\u1eafng v\u00e0 kh\u00f3 qu\u00ean, nh\u01b0 nh\u1eefng b\u00ed m\u1eadt \u1ea9n gi\u1ea5u trong t\u00ecnh c\u1ea3m \u1ea5m \u00e1p, b\u1ea3o b\u1ecdc c\u1ee7a T\u1ea5m d\u00e0nh cho c\u00f4 C\u00e1m trong su\u1ed1t th\u1eddi th\u01a1 \u1ea5u \u0111\u1ebfn khi tr\u01b0\u1edfng th\u00e0nh.\u00a0<\/span><\/p>\n<ul>\n<li style=\"font-weight: 400\"><span style=\"font-weight: 400\">H\u01b0\u01a1ng \u0111\u1ea7u: Qu\u1ea3 Th\u1ecb\u00a0<\/span><\/li>\n<li style=\"font-weight: 400\"><span style=\"font-weight: 400\">H\u01b0\u01a1ng gi\u1eefa: Hoa m\u1ed9c t\u00ea, hoa thi\u00ean l\u00fd\u00a0<\/span><\/li>\n<li style=\"font-weight: 400\"><span style=\"font-weight: 400\">H\u01b0\u01a1ng cu\u1ed1i: X\u1ea1 h\u01b0\u01a1ng tr\u1eafng, H\u1ea1t ho\u00e0ng qu\u1ef3\u00a0<\/span><\/li>\n<\/ul>\n<p><img decoding=\"async\" class=\"alignnone size-medium wp-image-4634\" src=\"https:\/\/productionq.vn\/shop\/wp-content\/uploads\/2024\/07\/DSC00503-225x300.jpg\" alt=\"\" width=\"225\" height=\"300\" srcset=\"https:\/\/productionq.vn\/shop\/wp-content\/uploads\/2024\/07\/DSC00503-225x300.jpg 225w, https:\/\/productionq.vn\/shop\/wp-content\/uploads\/2024\/07\/DSC00503-768x1024.jpg 768w, https:\/\/productionq.vn\/shop\/wp-content\/uploads\/2024\/07\/DSC00503-1152x1536.jpg 1152w, https:\/\/productionq.vn\/shop\/wp-content\/uploads\/2024\/07\/DSC00503-700x933.jpg 700w, https:\/\/productionq.vn\/shop\/wp-content\/uploads\/2024\/07\/DSC00503-72x96.jpg 72w, https:\/\/productionq.vn\/shop\/wp-content\/uploads\/2024\/07\/DSC00503.jpg 1536w\" sizes=\"(max-width: 225px) 100vw, 225px\" \/><\/p>\n","protected":false},"excerpt":{"rendered":"<p><span style=\"font-weight: 400\">L\u00e0 m\u1ed9t m\u00f9i h\u01b0\u01a1ng ng\u1ecdt ng\u00e0o nh\u01b0ng \u0111\u1ea7y b\u00ed \u1ea9n, ph\u1ea3n \u00e1nh t\u00ednh c\u00e1ch ch\u1ee7 \u0111\u1ed9ng v\u00e0 quy\u1ebft li\u1ec7t \u1ea9n trong v\u1ebb ngo\u00e0i ng\u1ecdt ng\u00e0o d\u1ecbu d\u00e0ng c\u1ee7a c\u1ee7a c\u00f4 T\u1ea5m th\u1eddi hi\u1ec7n \u0111\u1ea1i.\u00a0<\/span><\/p>\n","protected":false},"featured_media":5127,"comment_status":"open","ping_status":"closed","template":"","meta":{"_acf_changed":false,"rank_math_lock_modified_date":false,"inline_featured_image":false},"product_cat":[88],"product_tag":[],"class_list":{"0":"post-4630","1":"product","2":"type-product","3":"status-publish","4":"has-post-thumbnail","6":"wpc-brand-nau-nau-vi","7":"product_cat-nuoc-hoa-vi","9":"first","10":"instock","11":"shipping-taxable","12":"purchasable","13":"product-type-simple"},"acf":[],"_links":{"self":[{"href":"https:\/\/productionq.vn\/shop\/wp-json\/wp\/v2\/product\/4630","targetHints":{"allow":["GET"]}}],"collection":[{"href":"https:\/\/productionq.vn\/shop\/wp-json\/wp\/v2\/product"}],"about":[{"href":"https:\/\/productionq.vn\/shop\/wp-json\/wp\/v2\/types\/product"}],"replies":[{"embeddable":true,"href":"https:\/\/productionq.vn\/shop\/wp-json\/wp\/v2\/comments?post=4630"}],"wp:featuredmedia":[{"embeddable":true,"href":"https:\/\/productionq.vn\/shop\/wp-json\/wp\/v2\/media\/5127"}],"wp:attachment":[{"href":"https:\/\/productionq.vn\/shop\/wp-json\/wp\/v2\/media?parent=4630"}],"wp:term":[{"taxonomy":"product_cat","embeddable":true,"href":"https:\/\/productionq.vn\/shop\/wp-json\/wp\/v2\/product_cat?post=4630"},{"taxonomy":"product_tag","embeddable":true,"href":"https:\/\/productionq.vn\/shop\/wp-json\/wp\/v2\/product_tag?post=4630"}],"curies":[{"name":"wp","href":"https:\/\/api.w.org\/{rel}","templated":true}]}}