{"id":4637,"date":"2024-07-30T09:42:28","date_gmt":"2024-07-30T09:42:28","guid":{"rendered":"https:\/\/productionq.vn\/shop\/?post_type=product&#038;p=4637"},"modified":"2024-09-10T00:49:10","modified_gmt":"2024-09-09T17:49:10","slug":"nuoc-hoa-the-whisper-of-cam","status":"publish","type":"product","link":"https:\/\/productionq.vn\/shop\/san-pham\/nuoc-hoa-the-whisper-of-cam\/","title":{"rendered":"N\u01b0\u1edbc hoa &#8220;The Whisper of C\u00e1m&#8221;"},"content":{"rendered":"<p><span style=\"font-weight: 400\">Kh\u00f4ng ch\u1ec9 l\u00e0 m\u1ed9t m\u00f9i h\u01b0\u01a1ng, m\u00e0 l\u00e0 m\u1ed9t c\u00e2u chuy\u1ec7n ch\u01b0a t\u1eebng \u0111\u01b0\u1ee3c k\u1ec3, g\u1ee3i m\u1edf nh\u1eefng l\u1eddi th\u00ec th\u1ea7m c\u1ee7a C\u00e1m v\u1edbi nh\u1eefng c\u1ea3m x\u00fac th\u1ea7m k\u00edn m\u00e0 c\u00f4 ch\u01b0a t\u1eebng n\u00f3i v\u1edbi ai b\u00ean b\u1edd ao, n\u01a1i m\u00e0 hoa sen v\u01b0\u01a1n m\u00ecnh l\u00ean kh\u1ecfi b\u00f9n tanh v\u00e0 n\u1edf bung r\u1ef1c r\u1ee1 tr\u00ean m\u1eb7t n\u01b0\u1edbc t\u0129nh l\u1eb7ng nh\u01b0ng \u0111\u1ea7y hi\u1ec3m nguy.\u00a0<\/span><\/p>\n<p><img fetchpriority=\"high\" decoding=\"async\" class=\" wp-image-4638 aligncenter\" src=\"https:\/\/productionq.vn\/shop\/wp-content\/uploads\/2024\/07\/Photoroom_20240730_154955-300x300.jpg\" alt=\"\" width=\"549\" height=\"549\" srcset=\"https:\/\/productionq.vn\/shop\/wp-content\/uploads\/2024\/07\/Photoroom_20240730_154955-300x300.jpg 300w, https:\/\/productionq.vn\/shop\/wp-content\/uploads\/2024\/07\/Photoroom_20240730_154955-1024x1024.jpg 1024w, https:\/\/productionq.vn\/shop\/wp-content\/uploads\/2024\/07\/Photoroom_20240730_154955-150x150.jpg 150w, https:\/\/productionq.vn\/shop\/wp-content\/uploads\/2024\/07\/Photoroom_20240730_154955-768x768.jpg 768w, https:\/\/productionq.vn\/shop\/wp-content\/uploads\/2024\/07\/Photoroom_20240730_154955-1536x1536.jpg 1536w, https:\/\/productionq.vn\/shop\/wp-content\/uploads\/2024\/07\/Photoroom_20240730_154955-400x400.jpg 400w, https:\/\/productionq.vn\/shop\/wp-content\/uploads\/2024\/07\/Photoroom_20240730_154955-700x700.jpg 700w, https:\/\/productionq.vn\/shop\/wp-content\/uploads\/2024\/07\/Photoroom_20240730_154955-110x110.jpg 110w, https:\/\/productionq.vn\/shop\/wp-content\/uploads\/2024\/07\/Photoroom_20240730_154955-50x50.jpg 50w, https:\/\/productionq.vn\/shop\/wp-content\/uploads\/2024\/07\/Photoroom_20240730_154955-100x100.jpg 100w, https:\/\/productionq.vn\/shop\/wp-content\/uploads\/2024\/07\/Photoroom_20240730_154955-460x460.jpg 460w, https:\/\/productionq.vn\/shop\/wp-content\/uploads\/2024\/07\/Photoroom_20240730_154955-96x96.jpg 96w, https:\/\/productionq.vn\/shop\/wp-content\/uploads\/2024\/07\/Photoroom_20240730_154955.jpg 2048w\" sizes=\"(max-width: 549px) 100vw, 549px\" \/><\/p>\n<p><span style=\"font-weight: 400\">C\u00e1m sinh ra v\u1edbi s\u1ed1 ph\u1eadn h\u1ea9m hiu, lu\u00f4n mong \u0111\u1ee3i t\u00ecnh y\u00eau th\u01b0\u01a1ng c\u1ee7a Cha. C\u00f4 b\u00e9 r\u1ea5t th\u00edch hoa sen, lo\u00e0i hoa s\u1ed1ng trong b\u00f9n v\u00e0 v\u01b0\u01a1n l\u00ean kh\u1ecfi ngh\u1ecbch c\u1ea3nh, gi\u1ed1ng nh\u01b0 ch\u00ednh c\u00f4. H\u01b0\u01a1ng \u0111\u1ea7u c\u1ee7a c\u1ecf n\u01b0\u1edbc mang l\u1ea1i c\u1ea3m gi\u00e1c t\u01b0\u01a1i m\u00e1t nh\u01b0ng c\u0169ng l\u1ea1nh l\u1ebdo, ph\u1ea3n \u00e1nh cu\u1ed9c s\u1ed1ng \u0111\u1ea7y kh\u00f3 kh\u0103n c\u1ee7a C\u00e1m.\u00a0<\/span><\/p>\n<p><span style=\"font-weight: 400\">Ti\u1ebfp \u0111\u1ebfn, h\u01b0\u01a1ng gi\u1eefa c\u1ee7a hoa sen v\u00e0 hoa s\u00fang tho\u1ea3ng trong gi\u00f3 nh\u1eb9 nh\u00e0ng, mang theo m\u00f9i h\u01b0\u01a1ng c\u1ee7a s\u1ef1 ng\u00e2y th\u01a1 v\u00e0 mong mu\u1ed1n \u0111\u01b0\u1ee3c y\u00eau th\u01b0\u01a1ng v\u1edbi nh\u1eefng c\u1ea3m x\u00fac l\u00e3ng m\u1ea1n c\u1ee7a c\u00f4 g\u00e1i v\u1eeba c\u00f3 nh\u1eefng rung \u0111\u1ed9ng \u0111\u1ea7u \u0111\u1eddi v\u00e0 c\u1ea3m th\u1ea5y m\u00ecnh \u0111\u01b0\u1ee3c \u0111\u00f3n nh\u1eadn. Cu\u1ed1i c\u00f9ng, h\u01b0\u01a1ng th\u01a1m k\u1ebft th\u00fac v\u1edbi s\u1ef1 s\u00e2u l\u1eafng v\u00e0 u \u00e1m c\u1ee7a r\u00eau, rong bi\u1ec3n v\u00e0 long di\u00ean h\u01b0\u01a1ng. M\u00f9i c\u1ee7a r\u00eau v\u00e0 rong bi\u1ec3n trong n\u01b0\u1edbc mang l\u1ea1i c\u1ea3m gi\u00e1c nh\u01b0 \u0111ang ch\u00ecm \u0111\u1eafm trong nh\u1eefng b\u00ed m\u1eadt \u0111en t\u1ed1i v\u00e0 nh\u1eefng k\u00fd \u1ee9c th\u1ed1ng kh\u1ed5 \u0111\u1ea7y \u00e1m \u1ea3nh.\u00a0<\/span><\/p>\n<ul>\n<li style=\"font-weight: 400\"><span style=\"font-weight: 400\">H\u01b0\u01a1ng \u0111\u1ea7u: C\u1ecf n\u01b0\u1edbc\u00a0<\/span><\/li>\n<li style=\"font-weight: 400\"><span style=\"font-weight: 400\">H\u01b0\u01a1ng gi\u1eefa: Hoa sen, hoa s\u00fang\u00a0<\/span><\/li>\n<li style=\"font-weight: 400\"><span style=\"font-weight: 400\">H\u01b0\u01a1ng cu\u1ed1i: R\u00eau, Rong Bi\u1ec3n, Long Di\u00ean H\u01b0\u01a1ng<\/span><\/li>\n<\/ul>\n","protected":false},"excerpt":{"rendered":"<p><span style=\"font-weight: 400\">Kh\u00f4ng ch\u1ec9 l\u00e0 m\u1ed9t m\u00f9i h\u01b0\u01a1ng, m\u00e0 l\u00e0 m\u1ed9t c\u00e2u chuy\u1ec7n ch\u01b0a t\u1eebng \u0111\u01b0\u1ee3c k\u1ec3, g\u1ee3i m\u1edf nh\u1eefng l\u1eddi th\u00ec th\u1ea7m c\u1ee7a C\u00e1m v\u1edbi nh\u1eefng c\u1ea3m x\u00fac th\u1ea7m k\u00edn m\u00e0 c\u00f4 ch\u01b0a t\u1eebng n\u00f3i v\u1edbi ai b\u00ean b\u1edd ao, n\u01a1i m\u00e0 hoa sen v\u01b0\u01a1n m\u00ecnh l\u00ean kh\u1ecfi b\u00f9n tanh v\u00e0 n\u1edf bung r\u1ef1c r\u1ee1 tr\u00ean m\u1eb7t n\u01b0\u1edbc t\u0129nh l\u1eb7ng nh\u01b0ng \u0111\u1ea7y hi\u1ec3m nguy.\u00a0<\/span><\/p>\n","protected":false},"featured_media":5128,"comment_status":"open","ping_status":"closed","template":"","meta":{"_acf_changed":false,"rank_math_lock_modified_date":false,"inline_featured_image":false},"product_cat":[88],"product_tag":[],"class_list":{"0":"post-4637","1":"product","2":"type-product","3":"status-publish","4":"has-post-thumbnail","6":"wpc-brand-nau-nau-vi","7":"product_cat-nuoc-hoa-vi","9":"first","10":"instock","11":"shipping-taxable","12":"purchasable","13":"product-type-simple"},"acf":[],"_links":{"self":[{"href":"https:\/\/productionq.vn\/shop\/wp-json\/wp\/v2\/product\/4637","targetHints":{"allow":["GET"]}}],"collection":[{"href":"https:\/\/productionq.vn\/shop\/wp-json\/wp\/v2\/product"}],"about":[{"href":"https:\/\/productionq.vn\/shop\/wp-json\/wp\/v2\/types\/product"}],"replies":[{"embeddable":true,"href":"https:\/\/productionq.vn\/shop\/wp-json\/wp\/v2\/comments?post=4637"}],"wp:featuredmedia":[{"embeddable":true,"href":"https:\/\/productionq.vn\/shop\/wp-json\/wp\/v2\/media\/5128"}],"wp:attachment":[{"href":"https:\/\/productionq.vn\/shop\/wp-json\/wp\/v2\/media?parent=4637"}],"wp:term":[{"taxonomy":"product_cat","embeddable":true,"href":"https:\/\/productionq.vn\/shop\/wp-json\/wp\/v2\/product_cat?post=4637"},{"taxonomy":"product_tag","embeddable":true,"href":"https:\/\/productionq.vn\/shop\/wp-json\/wp\/v2\/product_tag?post=4637"}],"curies":[{"name":"wp","href":"https:\/\/api.w.org\/{rel}","templated":true}]}}