{"id":4653,"date":"2024-07-30T16:46:18","date_gmt":"2024-07-30T16:46:18","guid":{"rendered":"https:\/\/productionq.vn\/shop\/?post_type=product&#038;p=4653"},"modified":"2024-09-15T16:19:49","modified_gmt":"2024-09-15T09:19:49","slug":"board-game-tam-cam-kinh-di","status":"publish","type":"product","link":"https:\/\/productionq.vn\/shop\/san-pham\/board-game-tam-cam-kinh-di\/","title":{"rendered":"Board game T\u1ea5m C\u00e1m Kinh D\u1ecb &#8211; L\u1ec5 Hi\u1ebfn T\u1ebf"},"content":{"rendered":"<p><span style=\"font-weight: 400\">BOARDGAME T\u1ea4M C\u00c1M KINH D\u1eca: L\u1ec4 HI\u1ebeN T\u1ebe <\/span><\/p>\n<p><em><span style=\"font-weight: 400\">Phi\u00ean b\u1ea3n tr\u00f2 ch\u01a1i tr\u00ed tu\u1ec7 ph\u00e1t h\u00e0nh gi\u1edbi h\u1ea1n \u0111\u01b0\u1ee3c x\u00e2y d\u1ef1ng d\u1ef1a tr\u00ean h\u1ec7 th\u1ed1ng nh\u00e2n v\u1eadt c\u1ee7a phim \u0111i\u1ec7n \u1ea3nh C\u00e1m. <\/span><\/em><\/p>\n<p><em><span style=\"font-weight: 400\">&#8212;&#8212;&#8212;&#8212;&#8212; <\/span><\/em><\/p>\n<p><span style=\"font-weight: 400\">\u1ede l\u00e0ng H\u01b0\u01a1ng, theo th\u00f4ng l\u1ec7 10 n\u0103m m\u1ed9t l\u1ea7n, Tr\u01b0\u1edfng L\u00e0ng l\u00e0 Hai Ho\u00e0ng ph\u1ea3i hi\u1ebfn t\u1ebf m\u1ed9t trinh n\u1eef l\u00e0m th\u1ea7n gi\u1eef c\u1ee7a cho B\u1ea1ch L\u00e3o, nh\u1eb1m gi\u00fap cho l\u00e0ng tr\u00e1nh kh\u1ecfi nh\u1eefng tai \u01b0\u01a1ng qu\u1ef7 d\u1ecb. <\/span><\/p>\n<p><span style=\"font-weight: 400\">C\u00e1m &#8211; em g\u00e1i x\u1ea5u x\u00ed c\u1ee7a T\u1ea5m v\u00e0 c\u0169ng l\u00e0 con g\u00e1i c\u1ee7a Tr\u01b0\u1edfng l\u00e0ng l\u00e0 k\u1ebb \u0111\u01b0\u1ee3c ch\u1ecdn. Th\u1eadt kh\u00f4ng ng\u1edd, C\u00e1m \u0111\u00e3 giao \u01b0\u1edbc c\u00f9ng B\u1ea1ch L\u00e3o \u0111\u1ec3 c\u00f3 th\u1ec3 s\u1ed1ng l\u1ea1i v\u00e0 quay v\u1ec1 gieo r\u1eafc n\u1ed7i khi\u1ebfp \u0111\u1ea3m cho nh\u1eefng k\u1ebb mu\u1ed1n h\u00e3m h\u1ea1i c\u00f4. C\u1ea3 l\u00e0ng ho\u1ea3ng s\u1ee3 khi th\u1ea5y c\u00f4 quay tr\u1edf v\u1ec1 v\u00e0 tr\u1edf n\u00ean v\u00f4 c\u00f9ng t\u00e0n \u0111\u1ed9c. <\/span><\/p>\n<p><span style=\"font-weight: 400\">B\u1eb1ng n\u0103ng l\u1ef1c si\u00eau nhi\u00ean do B\u1ea1ch L\u00e3o ban cho, C\u00e1m c\u00f3 kh\u1ea3 n\u0103ng nh\u1eadp h\u1ed3n v\u00e0o b\u1ea5t k\u1ef3 ai trong l\u00e0ng k\u1ec3 c\u1ea3 ch\u1ecb T\u1ea5m, th\u1eb1ng B\u1eddm gia n\u00f4, Ho\u00e0ng T\u1eed, Hai Ho\u00e0ng cha c\u1ee7a c\u00f4\u2026 khi\u1ebfn cho vi\u1ec7c b\u1eaft l\u1ea5y C\u00e1m tr\u1edf n\u00ean kh\u00f3 kh\u0103n tr\u0103m b\u1ec1. H\u01a1n n\u1eefa, \u0111\u1ec3 s\u1ed1ng s\u00f3t, m\u1ed7i ng\u01b0\u1eddi d\u00e2n trong l\u00e0ng \u0111\u1ec1u c\u00f3 nh\u1eefng h\u00e0nh \u0111\u1ed9ng \u0111\u00e1ng ng\u1edd, kh\u00f4ng th\u1ec3 tin t\u01b0\u1edfng \u0111\u01b0\u1ee3c ai. <\/span><\/p>\n<p><span style=\"font-weight: 400\">Li\u1ec7u ng\u00f4i l\u00e0ng H\u01b0\u01a1ng c\u00f3 tr\u1edf l\u1ea1i nh\u1eefng n\u0103m th\u00e1ng y\u00ean b\u00ecnh nh\u01b0 x\u01b0a, hay t\u1ea5t c\u1ea3 m\u1ecdi ng\u01b0\u1eddi \u0111\u00e3 b\u1ecb C\u00e1m thao t\u00fang v\u00e0 tr\u1edf th\u00e0nh v\u1eadt hi\u1ebfn t\u1ebf cho B\u1ea1ch L\u00e3o? <\/span><\/p>\n<p><span style=\"font-weight: 400\"><em>&#8212;&#8212;&#8212;&#8212;&#8212;<\/em><\/span><\/p>\n<p><strong>LU\u1eacT CH\u01a0I<\/strong><\/p>\n<p><span style=\"font-weight: 400\">Trong m\u1ed7i v\u00e1n ch\u01a1i, s\u1ebd lu\u00f4n c\u00f3 m\u1ed9t ng\u01b0\u1eddi ch\u01a1i gi\u1eef th\u1ebb <\/span><b>\u201cC\u00f4 C\u00e1m\u201d.<\/b><span style=\"font-weight: 400\">\u00a0<\/span><\/p>\n<p><span style=\"font-weight: 400\">H\u00e3y s\u1eed d\u1ee5ng th\u1eadt hi\u1ec7u qu\u1ea3 c\u00e1c th\u1ebb b\u00e0i tr\u00ean tay, k\u1ebft h\u1ee3p c\u00f9ng chi\u1ebfn thu\u1eadt ch\u01a1i s\u1eafc s\u1ea3o \u0111\u1ec3 gi\u00e0nh \u0111\u01b0\u1ee3c chi\u1ebfn th\u1eafng sau cu\u1ed1i.<\/span><\/p>\n<p><span style=\"font-weight: 400\">Ai \u0111\u00e1nh th\u1ebb<\/span><b> \u201cC\u00f4 C\u00e1m\u201d<\/b><span style=\"font-weight: 400\"> xu\u1ed1ng cu\u1ed1i c\u00f9ng s\u1ebd l\u00e0 ng\u01b0\u1eddi chi\u1ebfn th\u1eafng, ho\u1eb7c ai t\u00ecm \u0111\u01b0\u1ee3c ng\u01b0\u1eddi gi\u1eef th\u1ebb C\u00f4 C\u00e1m th\u00ec c\u1ea3 l\u00e0ng s\u1ebd chi\u1ebfn th\u1eafng.<\/span><\/p>\n","protected":false},"excerpt":{"rendered":"<p><span style=\"font-weight: 400\">\u1ede l\u00e0ng H\u01b0\u01a1ng, theo th\u00f4ng l\u1ec7 10 n\u0103m m\u1ed9t l\u1ea7n, Tr\u01b0\u1edfng L\u00e0ng l\u00e0 Hai Ho\u00e0ng ph\u1ea3i hi\u1ebfn t\u1ebf m\u1ed9t trinh n\u1eef l\u00e0m th\u1ea7n gi\u1eef c\u1ee7a cho B\u1ea1ch L\u00e3o, nh\u1eb1m gi\u00fap cho l\u00e0ng tr\u00e1nh kh\u1ecfi nh\u1eefng tai \u01b0\u01a1ng qu\u1ef7 d\u1ecb.\u00a0<\/span><\/p>\n","protected":false},"featured_media":5000,"comment_status":"open","ping_status":"closed","template":"","meta":{"_acf_changed":false,"rank_math_lock_modified_date":false,"inline_featured_image":false},"product_cat":[84],"product_tag":[],"class_list":{"0":"post-4653","1":"product","2":"type-product","3":"status-publish","4":"has-post-thumbnail","6":"wpc-brand-proq-vi","7":"product_cat-do-choi-vi","9":"first","10":"instock","11":"shipping-taxable","12":"purchasable","13":"product-type-simple"},"acf":[],"_links":{"self":[{"href":"https:\/\/productionq.vn\/shop\/wp-json\/wp\/v2\/product\/4653","targetHints":{"allow":["GET"]}}],"collection":[{"href":"https:\/\/productionq.vn\/shop\/wp-json\/wp\/v2\/product"}],"about":[{"href":"https:\/\/productionq.vn\/shop\/wp-json\/wp\/v2\/types\/product"}],"replies":[{"embeddable":true,"href":"https:\/\/productionq.vn\/shop\/wp-json\/wp\/v2\/comments?post=4653"}],"wp:featuredmedia":[{"embeddable":true,"href":"https:\/\/productionq.vn\/shop\/wp-json\/wp\/v2\/media\/5000"}],"wp:attachment":[{"href":"https:\/\/productionq.vn\/shop\/wp-json\/wp\/v2\/media?parent=4653"}],"wp:term":[{"taxonomy":"product_cat","embeddable":true,"href":"https:\/\/productionq.vn\/shop\/wp-json\/wp\/v2\/product_cat?post=4653"},{"taxonomy":"product_tag","embeddable":true,"href":"https:\/\/productionq.vn\/shop\/wp-json\/wp\/v2\/product_tag?post=4653"}],"curies":[{"name":"wp","href":"https:\/\/api.w.org\/{rel}","templated":true}]}}