{"id":5160,"date":"2024-09-15T15:21:21","date_gmt":"2024-09-15T08:21:21","guid":{"rendered":"https:\/\/productionq.vn\/shop\/?post_type=product&#038;p=5160"},"modified":"2024-09-15T15:21:21","modified_gmt":"2024-09-15T08:21:21","slug":"tieu-thuyet-tam-hoang-cung-di-truyen","status":"publish","type":"product","link":"https:\/\/productionq.vn\/shop\/san-pham\/tieu-thuyet-tam-hoang-cung-di-truyen\/","title":{"rendered":"Ti\u1ec3u thuy\u1ebft T\u1ea5m &#8211; Ho\u00e0ng cung d\u1ecb truy\u1ec7n"},"content":{"rendered":"<p><span class=\"OYPEnA font-feature-liga-off font-feature-clig-off font-feature-calt-off text-decoration-none text-strikethrough-none\">M\u1ed9t g\u00f3c nh\u00ecn ho\u00e0n to\u00e0n m\u1edbi v\u1ec1 c\u00e2u truy\u1ec7n c\u1ed5 t\u00edch d\u00e2n gian T\u1ea5m-C\u00e1m<\/span><\/p>\n","protected":false},"excerpt":{"rendered":"<p><span class=\"OYPEnA font-feature-liga-off font-feature-clig-off font-feature-calt-off text-decoration-none text-strikethrough-none\">M\u1ed9t g\u00f3c nh\u00ecn ho\u00e0n to\u00e0n m\u1edbi v\u1ec1 c\u00e2u truy\u1ec7n c\u1ed5 t\u00edch d\u00e2n gian T\u1ea5m-C\u00e1m<\/span><\/p>\n","protected":false},"featured_media":5161,"comment_status":"open","ping_status":"closed","template":"","meta":{"_acf_changed":false,"rank_math_lock_modified_date":false,"inline_featured_image":false},"product_cat":[83],"product_tag":[],"class_list":{"0":"post-5160","1":"product","2":"type-product","3":"status-publish","4":"has-post-thumbnail","6":"wpc-brand-bot-creative-hub-vi","7":"product_cat-sach-truyen-vi","9":"first","10":"instock","11":"shipping-taxable","12":"product-type-simple"},"acf":[],"_links":{"self":[{"href":"https:\/\/productionq.vn\/shop\/wp-json\/wp\/v2\/product\/5160","targetHints":{"allow":["GET"]}}],"collection":[{"href":"https:\/\/productionq.vn\/shop\/wp-json\/wp\/v2\/product"}],"about":[{"href":"https:\/\/productionq.vn\/shop\/wp-json\/wp\/v2\/types\/product"}],"replies":[{"embeddable":true,"href":"https:\/\/productionq.vn\/shop\/wp-json\/wp\/v2\/comments?post=5160"}],"wp:featuredmedia":[{"embeddable":true,"href":"https:\/\/productionq.vn\/shop\/wp-json\/wp\/v2\/media\/5161"}],"wp:attachment":[{"href":"https:\/\/productionq.vn\/shop\/wp-json\/wp\/v2\/media?parent=5160"}],"wp:term":[{"taxonomy":"product_cat","embeddable":true,"href":"https:\/\/productionq.vn\/shop\/wp-json\/wp\/v2\/product_cat?post=5160"},{"taxonomy":"product_tag","embeddable":true,"href":"https:\/\/productionq.vn\/shop\/wp-json\/wp\/v2\/product_tag?post=5160"}],"curies":[{"name":"wp","href":"https:\/\/api.w.org\/{rel}","templated":true}]}}